{"id":6517,"date":"2026-04-16T14:55:31","date_gmt":"2026-04-16T14:55:31","guid":{"rendered":"https:\/\/muscatpackingmachines.com\/product\/maquina-de-envasado-de-liquidos-para-llenado-de-sobres-stick-tipo-pouch\/"},"modified":"2026-04-21T16:05:27","modified_gmt":"2026-04-21T16:05:27","slug":"maquina-de-envasado-de-liquidos-para-llenado-de-sobres-stick-tipo-pouch","status":"publish","type":"product","link":"https:\/\/muscatpackingmachines.com\/ar\/product\/maquina-de-envasado-de-liquidos-para-llenado-de-sobres-stick-tipo-pouch\/","title":{"rendered":"\u0645\u0627\u0643\u064a\u0646\u0629 \u062a\u0639\u0628\u0626\u0629 \u0648\u062a\u063a\u0644\u064a\u0641 \u0627\u0644\u0633\u0648\u0627\u0626\u0644 \u0641\u064a \u0623\u0638\u0631\u0641 \u0635\u063a\u064a\u0631\u0629 (\u0633\u062a\u064a\u0643)"},"content":{"rendered":"<p>Caracter\u00edsticas clave:<\/p>\n<ul>\n<li>Funcionamiento de alta velocidad (150 bolsas\/min):<\/li>\n<\/ul>\n<p>&nbsp;<\/p>\n<p>La m\u00e1quina est\u00e1 dise\u00f1ada para un alto rendimiento, permitiendo hasta 150 bolsas por minuto, lo que la hace ideal para la producci\u00f3n en masa.<\/p>\n<p>Esta caracter\u00edstica reduce significativamente el tiempo de producci\u00f3n y aumenta la eficiencia.<\/p>\n<ul>\n<li>Compatibilidad de producto:<\/li>\n<\/ul>\n<p>&nbsp;<\/p>\n<p>K\u00e9tchup: La m\u00e1quina puede manejar l\u00edquidos espesos como el k\u00e9tchup sin obstrucciones, garantizando un llenado fluido.<\/p>\n<p>Zumo: Puede llenar f\u00e1cilmente l\u00edquidos ligeros como los zumos, con un riesgo m\u00ednimo de derrames.<\/p>\n<p>Miel: Dise\u00f1ada para manejar l\u00edquidos viscosos como la miel con precisi\u00f3n.<\/p>\n<p>Aceite de oliva: La m\u00e1quina puede trabajar con diversos aceites, incluido el aceite de oliva, garantizando un volumen de llenado constante.<\/p>\n<ul>\n<li>Formado autom\u00e1tico de pouches:<\/li>\n<\/ul>\n<p>&nbsp;<\/p>\n<p>La m\u00e1quina forma autom\u00e1ticamente pouches o sobres a partir de una bobina de film.<\/p>\n<p>Los pouches pueden fabricarse en distintos tama\u00f1os y formas, seg\u00fan los requisitos del producto.<\/p>\n<p>Tambi\u00e9n puede incluir la opci\u00f3n de pouch autoportante, com\u00fan en retail para productos como el k\u00e9tchup o los zumos.<\/p>\n<p>Llenado y sellado:<\/p>\n<p>&nbsp;<\/p>\n<p>La m\u00e1quina incorpora sistemas de llenado precisos, normalmente equipados con bombas volum\u00e9tricas o de pist\u00f3n, seg\u00fan la viscosidad del producto.<\/p>\n<p>Sella los pouches herm\u00e9ticamente, evitando fugas y garantizando la frescura del producto.<\/p>\n<p>Llenado de precisi\u00f3n:<\/p>\n<p>&nbsp;<\/p>\n<p>El mecanismo de llenado garantiza que se dosifique la cantidad correcta de producto en cada pouch. Esto es crucial para la consistencia y para minimizar el desperdicio. <\/p>\n<ul>\n<li>Sistema de control avanzado:<\/li>\n<\/ul>\n<p>&nbsp;<\/p>\n<p>Normalmente equipada con un PLC (controlador l\u00f3gico programable) que garantiza un control preciso de las funciones de la m\u00e1quina, como el llenado, el sellado y el corte.<\/p>\n<p>Algunos modelos pueden ofrecer interfaces de pantalla t\u00e1ctil para facilitar la operaci\u00f3n y los ajustes.<\/p>\n<ul>\n<li>Compatibilidad de materiales:<\/li>\n<\/ul>\n<p>&nbsp;<\/p>\n<p>La m\u00e1quina puede trabajar con varios tipos de films para pouch (p. ej., films laminados, PET\/PE o l\u00e1mina de aluminio), lo que garantiza compatibilidad con una amplia gama de productos y tipos de envase.<\/p>\n<p>Facilidad de limpieza y mantenimiento:<\/p>\n<p>&nbsp;<\/p>\n<p>La mayor\u00eda de las m\u00e1quinas de llenado modernas est\u00e1n dise\u00f1adas para un desmontaje, limpieza y mantenimiento sencillos, para garantizar la higiene y reducir el tiempo de inactividad.<\/p>\n<p>Soporte multiling\u00fce:<\/p>\n<p>&nbsp;<\/p>\n<p>Algunas m\u00e1quinas incluyen soporte multiling\u00fce en su interfaz de usuario, lo que las hace adecuadas para uso internacional.<\/p>\n<p>Caracter\u00edsticas de seguridad:<\/p>\n<p>&nbsp;<\/p>\n<p>Mecanismos de seguridad integrados, como botones de parada de emergencia, cubiertas de seguridad y alarmas, para prevenir accidentes y garantizar un funcionamiento seguro.<\/p>\n<p>&nbsp;<\/p>\n<p>Beneficios:<\/p>\n<ul>\n<li>Alta eficiencia: Adecuada para producci\u00f3n a gran escala.<\/li>\n<li>Flexibilidad: Funciona con una amplia variedad de productos l\u00edquidos.<\/li>\n<li>Llenado uniforme: Garantiza que cada pouch se llene con precisi\u00f3n, reduciendo el desperdicio de producto.<\/li>\n<li>Ahorro de costes: El funcionamiento de alta velocidad reduce los costes de mano de obra y aumenta la productividad.<\/li>\n<\/ul>\n","protected":false},"excerpt":{"rendered":"<p>Una m\u00e1quina de envasado de l\u00edquidos para llenado de sobres stick tipo pouch de alta eficiencia (150 bolsas\/min) para k\u00e9tchup, zumo, miel y aceite de oliva es un equipo altamente especializado, dise\u00f1ado para llenar productos l\u00edquidos en sobres o pouches peque\u00f1os. Estas m\u00e1quinas se utilizan normalmente en las industrias alimentaria, de bebidas y de cuidado personal. <\/p>\n","protected":false},"featured_media":6522,"comment_status":"open","ping_status":"closed","template":"","meta":{"_acf_changed":false,"_angie_page":false,"site-sidebar-layout":"default","site-content-layout":"","ast-site-content-layout":"default","site-content-style":"default","site-sidebar-style":"default","ast-global-header-display":"","ast-banner-title-visibility":"","ast-main-header-display":"","ast-hfb-above-header-display":"","ast-hfb-below-header-display":"","ast-hfb-mobile-header-display":"","site-post-title":"","ast-breadcrumbs-content":"","ast-featured-img":"","footer-sml-layout":"","ast-disable-related-posts":"","theme-transparent-header-meta":"default","adv-header-id-meta":"","stick-header-meta":"","header-above-stick-meta":"","header-main-stick-meta":"","header-below-stick-meta":"","astra-migrate-meta-layouts":"default","ast-page-background-enabled":"default","ast-page-background-meta":{"desktop":{"background-color":"","background-image":"","background-repeat":"repeat","background-position":"center center","background-size":"auto","background-attachment":"scroll","background-type":"","background-media":"","overlay-type":"","overlay-color":"","overlay-opacity":"","overlay-gradient":""},"tablet":{"background-color":"","background-image":"","background-repeat":"repeat","background-position":"center center","background-size":"auto","background-attachment":"scroll","background-type":"","background-media":"","overlay-type":"","overlay-color":"","overlay-opacity":"","overlay-gradient":""},"mobile":{"background-color":"","background-image":"","background-repeat":"repeat","background-position":"center center","background-size":"auto","background-attachment":"scroll","background-type":"","background-media":"","overlay-type":"","overlay-color":"","overlay-opacity":"","overlay-gradient":""}},"ast-content-background-meta":{"desktop":{"background-color":"var(--ast-global-color-5)","background-image":"","background-repeat":"repeat","background-position":"center center","background-size":"auto","background-attachment":"scroll","background-type":"","background-media":"","overlay-type":"","overlay-color":"","overlay-opacity":"","overlay-gradient":""},"tablet":{"background-color":"var(--ast-global-color-5)","background-image":"","background-repeat":"repeat","background-position":"center center","background-size":"auto","background-attachment":"scroll","background-type":"","background-media":"","overlay-type":"","overlay-color":"","overlay-opacity":"","overlay-gradient":""},"mobile":{"background-color":"var(--ast-global-color-5)","background-image":"","background-repeat":"repeat","background-position":"center center","background-size":"auto","background-attachment":"scroll","background-type":"","background-media":"","overlay-type":"","overlay-color":"","overlay-opacity":"","overlay-gradient":""}}},"product_brand":[],"product_cat":[123,120],"product_tag":[],"class_list":{"0":"post-6517","1":"product","2":"type-product","3":"status-publish","4":"has-post-thumbnail","6":"product_cat-123","7":"product_cat-120","8":"desktop-align-left","9":"tablet-align-center","10":"mobile-align-center","12":"first","13":"instock","14":"shipping-taxable","15":"product-type-simple"},"acf":[],"_links":{"self":[{"href":"https:\/\/muscatpackingmachines.com\/ar\/wp-json\/wp\/v2\/product\/6517","targetHints":{"allow":["GET"]}}],"collection":[{"href":"https:\/\/muscatpackingmachines.com\/ar\/wp-json\/wp\/v2\/product"}],"about":[{"href":"https:\/\/muscatpackingmachines.com\/ar\/wp-json\/wp\/v2\/types\/product"}],"replies":[{"embeddable":true,"href":"https:\/\/muscatpackingmachines.com\/ar\/wp-json\/wp\/v2\/comments?post=6517"}],"version-history":[{"count":2,"href":"https:\/\/muscatpackingmachines.com\/ar\/wp-json\/wp\/v2\/product\/6517\/revisions"}],"predecessor-version":[{"id":6671,"href":"https:\/\/muscatpackingmachines.com\/ar\/wp-json\/wp\/v2\/product\/6517\/revisions\/6671"}],"wp:featuredmedia":[{"embeddable":true,"href":"https:\/\/muscatpackingmachines.com\/ar\/wp-json\/wp\/v2\/media\/6522"}],"wp:attachment":[{"href":"https:\/\/muscatpackingmachines.com\/ar\/wp-json\/wp\/v2\/media?parent=6517"}],"wp:term":[{"taxonomy":"product_brand","embeddable":true,"href":"https:\/\/muscatpackingmachines.com\/ar\/wp-json\/wp\/v2\/product_brand?post=6517"},{"taxonomy":"product_cat","embeddable":true,"href":"https:\/\/muscatpackingmachines.com\/ar\/wp-json\/wp\/v2\/product_cat?post=6517"},{"taxonomy":"product_tag","embeddable":true,"href":"https:\/\/muscatpackingmachines.com\/ar\/wp-json\/wp\/v2\/product_tag?post=6517"}],"curies":[{"name":"wp","href":"https:\/\/api.w.org\/{rel}","templated":true}]}}