{"id":6500,"date":"2026-04-16T15:27:06","date_gmt":"2026-04-16T15:27:06","guid":{"rendered":"https:\/\/muscatpackingmachines.com\/product\/maquina-neumatica-de-llenado-y-mezcla\/"},"modified":"2026-04-16T15:27:06","modified_gmt":"2026-04-16T15:27:06","slug":"maquina-neumatica-de-llenado-y-mezcla","status":"publish","type":"product","link":"https:\/\/muscatpackingmachines.com\/ar\/product\/maquina-neumatica-de-llenado-y-mezcla\/","title":{"rendered":"M\u00e1quina neum\u00e1tica de llenado y mezcla"},"content":{"rendered":"<p>Caracter\u00edsticas:<\/p>\n<ol>\n<li>Voltaje: 220 V\/50 Hz<\/li>\n<li>Esta m\u00e1quina est\u00e1 fabricada en acero inoxidable 304 (grado alimentario).<\/li>\n<li>Volumen de llenado (ml): 100 ml\u20131000 ml, 500 ml\u20132500 ml.<\/li>\n<li>Precisi\u00f3n de llenado (FS): \u00b10,5 %<\/li>\n<li>Capacidad de producci\u00f3n (ciclos\/min): 5\u201315<\/li>\n<li>Tama\u00f1o del producto (dimensiones exteriores): 23,6&#8243;x15&#8243;x16,5&#8243; (60x38x42 cm)<\/li>\n<\/ol>\n<p>Cuerpo de la m\u00e1quina: 39&#8243;x11&#8243; (99&#215;28)<\/p>\n<ol start=\"7\">\n<li>Peso neto: 70 kg<\/li>\n<li>Presi\u00f3n aplicable (MPa): 0,4\u20130,9<\/li>\n<\/ol>\n<p>&nbsp;<\/p>\n<p>Ventajas<\/p>\n<ol>\n<li>Acero inoxidable 304, gran capacidad de 60 L; el llenado es m\u00e1s c\u00f3modo.<\/li>\n<li>Funcionamiento con un solo toque, c\u00f3modo y sencillo.<\/li>\n<li>Rotaci\u00f3n y agitaci\u00f3n: mezcla uniforme del material, adecuada para sedimentaci\u00f3n y materiales viscosos.<\/li>\n<\/ol>\n<p>4. Uso de cabezal de gran di\u00e1metro: el material particulado no se obstruye<\/p>\n","protected":false},"excerpt":{"rendered":"<p>Este producto est\u00e1 dise\u00f1ado para todo tipo de salsas con part\u00edculas, fluidos pastosos, aceite y productos alimentarios l\u00edquidos. Puede ayudarle a dosificar y llenar salsas con cantidad cuantitativa. <\/p>\n<p>El rango de volumen de llenado es de 100 ml\u20131000 ml, 500 ml\u20132500 ml, y la m\u00e1quina debe conectarse a un compresor de aire para funcionar. La primera vez que use la m\u00e1quina, debe pesar la salida ajustando y asegurarse del volumen deseado. <\/p>\n","protected":false},"featured_media":6146,"comment_status":"open","ping_status":"closed","template":"","meta":{"_acf_changed":false,"_angie_page":false,"site-sidebar-layout":"default","site-content-layout":"","ast-site-content-layout":"default","site-content-style":"default","site-sidebar-style":"default","ast-global-header-display":"","ast-banner-title-visibility":"","ast-main-header-display":"","ast-hfb-above-header-display":"","ast-hfb-below-header-display":"","ast-hfb-mobile-header-display":"","site-post-title":"","ast-breadcrumbs-content":"","ast-featured-img":"","footer-sml-layout":"","ast-disable-related-posts":"","theme-transparent-header-meta":"default","adv-header-id-meta":"","stick-header-meta":"","header-above-stick-meta":"","header-main-stick-meta":"","header-below-stick-meta":"","astra-migrate-meta-layouts":"default","ast-page-background-enabled":"default","ast-page-background-meta":{"desktop":{"background-color":"","background-image":"","background-repeat":"repeat","background-position":"center center","background-size":"auto","background-attachment":"scroll","background-type":"","background-media":"","overlay-type":"","overlay-color":"","overlay-opacity":"","overlay-gradient":""},"tablet":{"background-color":"","background-image":"","background-repeat":"repeat","background-position":"center center","background-size":"auto","background-attachment":"scroll","background-type":"","background-media":"","overlay-type":"","overlay-color":"","overlay-opacity":"","overlay-gradient":""},"mobile":{"background-color":"","background-image":"","background-repeat":"repeat","background-position":"center center","background-size":"auto","background-attachment":"scroll","background-type":"","background-media":"","overlay-type":"","overlay-color":"","overlay-opacity":"","overlay-gradient":""}},"ast-content-background-meta":{"desktop":{"background-color":"var(--ast-global-color-5)","background-image":"","background-repeat":"repeat","background-position":"center center","background-size":"auto","background-attachment":"scroll","background-type":"","background-media":"","overlay-type":"","overlay-color":"","overlay-opacity":"","overlay-gradient":""},"tablet":{"background-color":"var(--ast-global-color-5)","background-image":"","background-repeat":"repeat","background-position":"center center","background-size":"auto","background-attachment":"scroll","background-type":"","background-media":"","overlay-type":"","overlay-color":"","overlay-opacity":"","overlay-gradient":""},"mobile":{"background-color":"var(--ast-global-color-5)","background-image":"","background-repeat":"repeat","background-position":"center center","background-size":"auto","background-attachment":"scroll","background-type":"","background-media":"","overlay-type":"","overlay-color":"","overlay-opacity":"","overlay-gradient":""}}},"product_brand":[],"product_cat":[101],"product_tag":[],"class_list":{"0":"post-6500","1":"product","2":"type-product","3":"status-publish","4":"has-post-thumbnail","6":"product_cat-101","7":"desktop-align-left","8":"tablet-align-center","9":"mobile-align-center","11":"first","12":"instock","13":"shipping-taxable","14":"product-type-simple"},"acf":[],"_links":{"self":[{"href":"https:\/\/muscatpackingmachines.com\/ar\/wp-json\/wp\/v2\/product\/6500","targetHints":{"allow":["GET"]}}],"collection":[{"href":"https:\/\/muscatpackingmachines.com\/ar\/wp-json\/wp\/v2\/product"}],"about":[{"href":"https:\/\/muscatpackingmachines.com\/ar\/wp-json\/wp\/v2\/types\/product"}],"replies":[{"embeddable":true,"href":"https:\/\/muscatpackingmachines.com\/ar\/wp-json\/wp\/v2\/comments?post=6500"}],"version-history":[{"count":0,"href":"https:\/\/muscatpackingmachines.com\/ar\/wp-json\/wp\/v2\/product\/6500\/revisions"}],"wp:featuredmedia":[{"embeddable":true,"href":"https:\/\/muscatpackingmachines.com\/ar\/wp-json\/wp\/v2\/media\/6146"}],"wp:attachment":[{"href":"https:\/\/muscatpackingmachines.com\/ar\/wp-json\/wp\/v2\/media?parent=6500"}],"wp:term":[{"taxonomy":"product_brand","embeddable":true,"href":"https:\/\/muscatpackingmachines.com\/ar\/wp-json\/wp\/v2\/product_brand?post=6500"},{"taxonomy":"product_cat","embeddable":true,"href":"https:\/\/muscatpackingmachines.com\/ar\/wp-json\/wp\/v2\/product_cat?post=6500"},{"taxonomy":"product_tag","embeddable":true,"href":"https:\/\/muscatpackingmachines.com\/ar\/wp-json\/wp\/v2\/product_tag?post=6500"}],"curies":[{"name":"wp","href":"https:\/\/api.w.org\/{rel}","templated":true}]}}